{"id":246,"date":"2024-06-14T11:38:49","date_gmt":"2024-06-14T09:38:49","guid":{"rendered":"https:\/\/loeffler-logopaedie.de\/?page_id=246"},"modified":"2024-06-14T11:52:36","modified_gmt":"2024-06-14T09:52:36","slug":"ueber-mich","status":"publish","type":"page","link":"https:\/\/loeffler-logopaedie.de\/?page_id=246","title":{"rendered":"\u00dcber mich"},"content":{"rendered":"\n<figure class=\"wp-block-image size-large has-custom-border\"><img loading=\"lazy\" decoding=\"async\" width=\"1024\" height=\"683\" src=\"https:\/\/loeffler-logopaedie.de\/wp-content\/uploads\/2024\/06\/IMG_4713-1024x683.jpg\" alt=\"\" class=\"wp-image-265\" style=\"border-style:none;border-width:0px;border-radius:31px\" srcset=\"https:\/\/loeffler-logopaedie.de\/wp-content\/uploads\/2024\/06\/IMG_4713-1024x683.jpg 1024w, https:\/\/loeffler-logopaedie.de\/wp-content\/uploads\/2024\/06\/IMG_4713-300x200.jpg 300w, https:\/\/loeffler-logopaedie.de\/wp-content\/uploads\/2024\/06\/IMG_4713-768x512.jpg 768w, https:\/\/loeffler-logopaedie.de\/wp-content\/uploads\/2024\/06\/IMG_4713-1536x1024.jpg 1536w, https:\/\/loeffler-logopaedie.de\/wp-content\/uploads\/2024\/06\/IMG_4713-2048x1365.jpg 2048w\" sizes=\"auto, (max-width: 1024px) 100vw, 1024px\" \/><\/figure>\n\n\n\n<p style=\"font-size:clamp(0.875rem, 0.875rem + ((1vw - 0.2rem) * 0.708), 1.3rem);\" align=\"justify\">Ich bin hier in Coburg geboren und aufgewachsen. Meine Ausbildung absolvierte ich an der staatlichen Berufsfachschule f\u00fcr Logop\u00e4die an der Universit\u00e4t M\u00fcnchen. Seit 2001 arbeitete ich als angestellte Logop\u00e4din in verschiedenen Praxen oder unterst\u00fctzte Familien direkt zuhause. Dabei versorgte ich auch Patienten in Seniorenheimen, Einrichtungen f\u00fcr Menschen mit Behinderung, integrativen Kinderg\u00e4rten oder im Kinderdorf. 2024 habe ich mich selbst\u00e4ndig gemacht und meine eigene Praxis in Coburg er\u00f6ffnet.<\/p>\n\n\n\n<p style=\"font-size:clamp(0.875rem, 0.875rem + ((1vw - 0.2rem) * 0.708), 1.3rem);\" align=\"justify\">Am meisten Spa\u00df macht mir an meiner Arbeit, dass ich immer wieder verschiedene Menschen kennenlerne, sie ein St\u00fcck auf ihrem Weg begleiten darf und zu sehen, wie die in der Therapie erarbeiteten Fortschritte den Alltag der einzelnen Personen und ihrer Angeh\u00f6rigen erleichtern. Wichtig ist mir dabei v.a. ein vertrauensvoller Umgang, die Zusammenarbeit mit Angeh\u00f6rigen, evidenzbasierte Methoden und eine auf jeden Patienten individuell abgestimmte Therapie.<\/p>\n","protected":false},"excerpt":{"rendered":"<p>Ich bin hier in Coburg geboren und aufgewachsen. Meine Ausbildung absolvierte ich an der staatlichen Berufsfachschule f\u00fcr Logop\u00e4die an der Universit\u00e4t M\u00fcnchen. Seit 2001 arbeitete ich als angestellte Logop\u00e4din in verschiedenen Praxen oder unterst\u00fctzte Familien direkt zuhause. Dabei versorgte ich auch Patienten in Seniorenheimen, Einrichtungen f\u00fcr Menschen mit Behinderung, integrativen Kinderg\u00e4rten oder im Kinderdorf. 2024 [&hellip;]<\/p>\n","protected":false},"author":2,"featured_media":0,"parent":0,"menu_order":0,"comment_status":"closed","ping_status":"closed","template":"","meta":{"pgc_sgb_lightbox_settings":"","footnotes":""},"class_list":["post-246","page","type-page","status-publish","hentry"],"_links":{"self":[{"href":"https:\/\/loeffler-logopaedie.de\/index.php?rest_route=\/wp\/v2\/pages\/246","targetHints":{"allow":["GET"]}}],"collection":[{"href":"https:\/\/loeffler-logopaedie.de\/index.php?rest_route=\/wp\/v2\/pages"}],"about":[{"href":"https:\/\/loeffler-logopaedie.de\/index.php?rest_route=\/wp\/v2\/types\/page"}],"author":[{"embeddable":true,"href":"https:\/\/loeffler-logopaedie.de\/index.php?rest_route=\/wp\/v2\/users\/2"}],"replies":[{"embeddable":true,"href":"https:\/\/loeffler-logopaedie.de\/index.php?rest_route=%2Fwp%2Fv2%2Fcomments&post=246"}],"version-history":[{"count":6,"href":"https:\/\/loeffler-logopaedie.de\/index.php?rest_route=\/wp\/v2\/pages\/246\/revisions"}],"predecessor-version":[{"id":299,"href":"https:\/\/loeffler-logopaedie.de\/index.php?rest_route=\/wp\/v2\/pages\/246\/revisions\/299"}],"wp:attachment":[{"href":"https:\/\/loeffler-logopaedie.de\/index.php?rest_route=%2Fwp%2Fv2%2Fmedia&parent=246"}],"curies":[{"name":"wp","href":"https:\/\/api.w.org\/{rel}","templated":true}]}}